{"id":11,"date":"2024-01-09T21:26:23","date_gmt":"2024-01-09T21:26:23","guid":{"rendered":"https:\/\/campingparcoadamello.it\/?page_id=11"},"modified":"2026-03-31T18:10:28","modified_gmt":"2026-03-31T16:10:28","slug":"strona-glowna","status":"publish","type":"page","link":"https:\/\/campingparcoadamello.it\/pl\/","title":{"rendered":"Strona g\u0142\u00f3wna"},"content":{"rendered":"<div data-elementor-type=\"wp-page\" data-elementor-id=\"11\" class=\"elementor elementor-11\" data-elementor-post-type=\"page\">\n\t\t\t\t<div class=\"elementor-element elementor-element-4bd8300 e-con-full e-flex e-con e-parent\" data-id=\"4bd8300\" data-element_type=\"container\" data-e-type=\"container\">\n\t\t\t\t<div class=\"elementor-element elementor-element-9c5c3a3 elementor--h-position-center elementor--v-position-middle elementor-arrows-position-inside elementor-pagination-position-inside elementor-widget elementor-widget-slides\" data-id=\"9c5c3a3\" data-element_type=\"widget\" data-e-type=\"widget\" data-settings=\"{&quot;navigation&quot;:&quot;both&quot;,&quot;autoplay&quot;:&quot;yes&quot;,&quot;pause_on_hover&quot;:&quot;yes&quot;,&quot;pause_on_interaction&quot;:&quot;yes&quot;,&quot;autoplay_speed&quot;:5000,&quot;infinite&quot;:&quot;yes&quot;,&quot;transition&quot;:&quot;slide&quot;,&quot;transition_speed&quot;:500}\" data-widget_type=\"slides.default\">\n\t\t\t\t\t\t\t\t\t\t<div class=\"elementor-slides-wrapper elementor-main-swiper swiper\" role=\"region\" aria-roledescription=\"carousel\" aria-label=\"Slajdy\" dir=\"ltr\" data-animation=\"fadeInUp\">\n\t\t\t\t<div class=\"swiper-wrapper elementor-slides\">\n\t\t\t\t\t\t\t\t\t\t<div class=\"elementor-repeater-item-dd4a27a swiper-slide\" role=\"group\" aria-roledescription=\"slide\"><div class=\"swiper-slide-bg elementor-ken-burns elementor-ken-burns--in\" role=\"img\" aria-label=\"Camping Parco Adamello Pinzolo Carisolo 1 (16)\"><\/div><div class=\"swiper-slide-inner\" ><div class=\"swiper-slide-contents\"><\/div><\/div><\/div><div class=\"elementor-repeater-item-0f15c86 swiper-slide\" role=\"group\" aria-roledescription=\"slide\"><div class=\"swiper-slide-bg elementor-ken-burns elementor-ken-burns--in\" role=\"img\" aria-label=\"Camping Parco Adamello Pinzolo Carisolo 1 (12)\"><\/div><div class=\"swiper-slide-inner\" ><div class=\"swiper-slide-contents\"><\/div><\/div><\/div><div class=\"elementor-repeater-item-20749bb swiper-slide\" role=\"group\" aria-roledescription=\"slide\"><div class=\"swiper-slide-bg elementor-ken-burns elementor-ken-burns--out\" role=\"img\" aria-label=\"Camping Parco Adamello Pinzolo Carisolo 1 (17)\"><\/div><div class=\"swiper-slide-inner\" ><div class=\"swiper-slide-contents\"><\/div><\/div><\/div><div class=\"elementor-repeater-item-5f2a9f9 swiper-slide\" role=\"group\" aria-roledescription=\"slide\"><div class=\"swiper-slide-bg elementor-ken-burns elementor-ken-burns--in\" role=\"img\" aria-label=\"Camping Parco Adamello Pinzolo Carisolo 1 (15)\"><\/div><div class=\"swiper-slide-inner\" ><div class=\"swiper-slide-contents\"><\/div><\/div><\/div><div class=\"elementor-repeater-item-f9ee641 swiper-slide\" role=\"group\" aria-roledescription=\"slide\"><div class=\"swiper-slide-bg elementor-ken-burns elementor-ken-burns--in\" role=\"img\" aria-label=\"Camping Parco Adamello Pinzolo Carisolo 1 (18)\"><\/div><div class=\"swiper-slide-inner\" ><div class=\"swiper-slide-contents\"><\/div><\/div><\/div><div class=\"elementor-repeater-item-e980c70 swiper-slide\" role=\"group\" aria-roledescription=\"slide\"><div class=\"swiper-slide-bg elementor-ken-burns elementor-ken-burns--in\" role=\"img\" aria-label=\"Camping Parco Adamello Pinzolo Carisolo 1 (14)\"><\/div><div class=\"swiper-slide-inner\" ><div class=\"swiper-slide-contents\"><\/div><\/div><\/div>\t\t\t\t<\/div>\n\t\t\t\t\t\t\t\t\t\t\t\t\t\t\t<div class=\"elementor-swiper-button elementor-swiper-button-prev\" role=\"button\" tabindex=\"0\" aria-label=\"Poprzedni slajd\">\n\t\t\t\t\t\t\t<svg aria-hidden=\"true\" class=\"e-font-icon-svg e-eicon-chevron-left\" viewbox=\"0 0 1000 1000\" xmlns=\"http:\/\/www.w3.org\/2000\/svg\"><path d=\"M646 125C629 125 613 133 604 142L308 442C296 454 292 471 292 487 292 504 296 521 308 533L604 854C617 867 629 875 646 875 663 875 679 871 692 858 704 846 713 829 713 812 713 796 708 779 692 767L438 487 692 225C700 217 708 204 708 187 708 171 704 154 692 142 675 129 663 125 646 125Z\"><\/path><\/svg>\t\t\t\t\t\t<\/div>\n\t\t\t\t\t\t<div class=\"elementor-swiper-button elementor-swiper-button-next\" role=\"button\" tabindex=\"0\" aria-label=\"Nast\u0119pny slajd\">\n\t\t\t\t\t\t\t<svg aria-hidden=\"true\" class=\"e-font-icon-svg e-eicon-chevron-right\" viewbox=\"0 0 1000 1000\" xmlns=\"http:\/\/www.w3.org\/2000\/svg\"><path d=\"M696 533C708 521 713 504 713 487 713 471 708 454 696 446L400 146C388 133 375 125 354 125 338 125 325 129 313 142 300 154 292 171 292 187 292 204 296 221 308 233L563 492 304 771C292 783 288 800 288 817 288 833 296 850 308 863 321 871 338 875 354 875 371 875 388 867 400 854L696 533Z\"><\/path><\/svg>\t\t\t\t\t\t<\/div>\n\t\t\t\t\t\t\t\t\t\t\t\t\t\t\t\t<div class=\"swiper-pagination\"><\/div>\n\t\t\t\t\t\t\t\t\t\t\t\t<\/div>\n\t\t\t\t\t\t\t\t<\/div>\n\t\t\t\t<\/div>\n\t\t<div class=\"elementor-element elementor-element-5c759ba e-flex e-con-boxed e-con e-parent\" data-id=\"5c759ba\" data-element_type=\"container\" data-e-type=\"container\">\n\t\t\t\t\t<div class=\"e-con-inner\">\n\t\t<div class=\"elementor-element elementor-element-92e4e73 e-con-full e-flex e-con e-child\" data-id=\"92e4e73\" data-element_type=\"container\" data-e-type=\"container\">\n\t\t\t\t<div class=\"elementor-element elementor-element-799c0e0 elementor-alert-danger elementor-widget elementor-widget-alert\" data-id=\"799c0e0\" data-element_type=\"widget\" data-e-type=\"widget\" data-widget_type=\"alert.default\">\n\t\t\t\t\t\t\t<div class=\"elementor-alert\" role=\"alert\">\n\n\t\t\t\t\t\t<span class=\"elementor-alert-title\">Zamkni\u0119cia kemping\u00f3w<\/span>\n\t\t\t\n\t\t\t\t\t\t<span class=\"elementor-alert-description\">Dal 26\/04\/26 ore 20:00 -  al 29\/05\/26 ore: 9:00<br>\n\nDal 04\/10\/26 ore 20:00 - al 04\/12\/26 ore: 9:00<\/span>\n\t\t\t\n\t\t\t\t\t\t<button type=\"button\" class=\"elementor-alert-dismiss\" aria-label=\"Zignoruj to ostrze\u017cenie.\">\n\t\t\t\t\t\t\t\t\t<span aria-hidden=\"true\">\u00d7<\/span>\n\t\t\t\t\t\t\t<\/button>\n\t\t\t\n\t\t<\/div>\n\t\t\t\t\t\t<\/div>\n\t\t\t\t<div class=\"elementor-element elementor-element-881115e elementor-alert-info elementor-widget elementor-widget-alert\" data-id=\"881115e\" data-element_type=\"widget\" data-e-type=\"widget\" data-widget_type=\"alert.default\">\n\t\t\t\t\t\t\t<div class=\"elementor-alert\" role=\"alert\">\n\n\t\t\t\t\t\t<span class=\"elementor-alert-title\">ROULOTTE ANNUALI<\/span>\n\t\t\t\n\t\t\t\t\t\t<span class=\"elementor-alert-description\">Il camping dispone di 2 soluzioni roulotte+preingresso in legno in vendita.\ninfo e contatti proprietari disponibili scrivendo alla reception<\/span>\n\t\t\t\n\t\t\t\t\t\t<button type=\"button\" class=\"elementor-alert-dismiss\" aria-label=\"Camping Parco Adamello Pinzolo Carisolo 1 (16)\"0>\n\t\t\t\t\t\t\t\t\t<span aria-hidden=\"true\">\u00d7<\/span>\n\t\t\t\t\t\t\t<\/button>\n\t\t\t\n\t\t<\/div>\n\t\t\t\t\t\t<\/div>\n\t\t\t\t<div class=\"elementor-element elementor-element-a281982 elementor-align-center elementor-widget elementor-widget-button\" data-id=\"a281982\" data-element_type=\"widget\" data-e-type=\"widget\" data-widget_type=\"button.default\">\n\t\t\t\t\t\t\t\t\t\t<a class=\"elementor-button elementor-button-link elementor-size-lg elementor-animation-grow\" href=\"https:\/\/campingparcoadamello.it\/pl\/listino-prezzi\/\">\n\t\t\t\t\t\t<span class=\"elementor-button-content-wrapper\">\n\t\t\t\t\t\t<span class=\"elementor-button-icon\">\n\t\t\t\t<svg aria-hidden=\"true\" class=\"e-font-icon-svg e-far-file-alt\" viewbox=\"0 0 384 512\" xmlns=\"http:\/\/www.w3.org\/2000\/svg\"><path d=\"M288 248v28c0 6.6-5.4 12-12 12H108c-6.6 0-12-5.4-12-12v-28c0-6.6 5.4-12 12-12h168c6.6 0 12 5.4 12 12zm-12 72H108c-6.6 0-12 5.4-12 12v28c0 6.6 5.4 12 12 12h168c6.6 0 12-5.4 12-12v-28c0-6.6-5.4-12-12-12zm108-188.1V464c0 26.5-21.5 48-48 48H48c-26.5 0-48-21.5-48-48V48C0 21.5 21.5 0 48 0h204.1C264.8 0 277 5.1 286 14.1L369.9 98c9 8.9 14.1 21.2 14.1 33.9zm-128-80V128h76.1L256 51.9zM336 464V176H232c-13.3 0-24-10.7-24-24V48H48v416h288z\"><\/path><\/svg>\t\t\t<\/span>\n\t\t\t\t\t\t\t\t\t<span class=\"elementor-button-text\">Listino Prezzi 2026<\/span>\n\t\t\t\t\t<\/span>\n\t\t\t\t\t<\/a>\n\t\t\t\t\t\t\t\t<\/div>\n\t\t<div class=\"elementor-element elementor-element-c91a3aa e-con-full e-flex e-con e-child\" data-id=\"c91a3aa\" data-element_type=\"container\" data-e-type=\"container\">\n\t\t\t\t<div class=\"elementor-element elementor-element-3fbf90c elementor-widget elementor-widget-heading\" data-id=\"3fbf90c\" data-element_type=\"widget\" data-e-type=\"widget\" data-widget_type=\"heading.default\">\n\t\t\t\t\t<h2 class=\"elementor-heading-title elementor-size-default\">W przypadku rezerwacji tutaj karta jest wliczona w cen\u0119<\/h2>\t\t\t\t<\/div>\n\t\t\t\t<\/div>\n\t\t<div class=\"elementor-element elementor-element-baad6ad e-con-full e-flex e-con e-child\" data-id=\"baad6ad\" data-element_type=\"container\" data-e-type=\"container\">\n\t\t<div class=\"elementor-element elementor-element-2047a35 e-con-full e-flex e-con e-child\" data-id=\"2047a35\" data-element_type=\"container\" data-e-type=\"container\">\n\t\t\t\t<div class=\"elementor-element elementor-element-8155129 elementor-widget__width-initial elementor-widget elementor-widget-image\" data-id=\"8155129\" data-element_type=\"widget\" data-e-type=\"widget\" data-widget_type=\"image.default\">\n\t\t\t\t\t\t\t\t\t\t\t\t<figure class=\"wp-caption\">\n\t\t\t\t\t\t\t\t\t\t\t<a href=\"https:\/\/www.campigliodolomiti.it\/it\/dolomeetguestcard\" target=\"_blank\">\n\t\t\t\t\t\t\t<img fetchpriority=\"high\" decoding=\"async\" width=\"640\" height=\"400\" src=\"https:\/\/campingparcoadamello.it\/wp-content\/uploads\/2025\/03\/dolomeet-guest-card.webp\" class=\"elementor-animation-grow attachment-full size-full wp-image-5129\" alt=\"karta go\u015bcia dolomeet\" srcset=\"https:\/\/campingparcoadamello.it\/wp-content\/uploads\/2025\/03\/dolomeet-guest-card.webp 640w, https:\/\/campingparcoadamello.it\/wp-content\/uploads\/2025\/03\/dolomeet-guest-card-300x188.webp 300w, https:\/\/campingparcoadamello.it\/wp-content\/uploads\/2025\/03\/dolomeet-guest-card-18x12.webp 18w, https:\/\/campingparcoadamello.it\/wp-content\/uploads\/2025\/03\/dolomeet-guest-card-600x375.webp 600w\" sizes=\"(max-width: 640px) 100vw, 640px\" \/>\t\t\t\t\t\t\t\t<\/a>\n\t\t\t\t\t\t\t\t\t\t\t<figcaption class=\"widget-image-caption wp-caption-text\">Karta DoloMeet Card jest dost\u0119pna w przypadku pobyt\u00f3w na co najmniej 4 noce.<\/figcaption>\n\t\t\t\t\t\t\t\t\t\t<\/figure>\n\t\t\t\t\t\t\t\t\t<\/div>\n\t\t\t\t<div class=\"elementor-element elementor-element-2985bc1 elementor-widget__width-initial elementor-widget elementor-widget-image\" data-id=\"2985bc1\" data-element_type=\"widget\" data-e-type=\"widget\" data-widget_type=\"image.default\">\n\t\t\t\t\t\t\t\t\t\t\t\t<figure class=\"wp-caption\">\n\t\t\t\t\t\t\t\t\t\t\t<a href=\"https:\/\/www.visittrentino.info\/it\/esperienze\/trentino-guest-card\" target=\"_blank\">\n\t\t\t\t\t\t\t<img decoding=\"async\" width=\"1280\" height=\"720\" src=\"https:\/\/campingparcoadamello.it\/wp-content\/uploads\/2025\/03\/trentino-guest-card.webp\" class=\"elementor-animation-grow attachment-full size-full wp-image-5128\" alt=\"karta go\u015bcia trentino\" srcset=\"https:\/\/campingparcoadamello.it\/wp-content\/uploads\/2025\/03\/trentino-guest-card.webp 1280w, https:\/\/campingparcoadamello.it\/wp-content\/uploads\/2025\/03\/trentino-guest-card-300x169.webp 300w, https:\/\/campingparcoadamello.it\/wp-content\/uploads\/2025\/03\/trentino-guest-card-1024x576.webp 1024w, https:\/\/campingparcoadamello.it\/wp-content\/uploads\/2025\/03\/trentino-guest-card-768x432.webp 768w, https:\/\/campingparcoadamello.it\/wp-content\/uploads\/2025\/03\/trentino-guest-card-18x10.webp 18w, https:\/\/campingparcoadamello.it\/wp-content\/uploads\/2025\/03\/trentino-guest-card-600x338.webp 600w\" sizes=\"(max-width: 1280px) 100vw, 1280px\" \/>\t\t\t\t\t\t\t\t<\/a>\n\t\t\t\t\t\t\t\t\t\t\t<figcaption class=\"widget-image-caption wp-caption-text\">Karta GuestCard jest zawsze do\u0142\u0105czona<\/figcaption>\n\t\t\t\t\t\t\t\t\t\t<\/figure>\n\t\t\t\t\t\t\t\t\t<\/div>\n\t\t\t\t<\/div>\n\t\t\t\t<\/div>\n\t\t\t\t<\/div>\n\t\t<div class=\"elementor-element elementor-element-a5c2aa1 e-con-full e-flex e-con e-child\" data-id=\"a5c2aa1\" data-element_type=\"container\" data-e-type=\"container\">\n\t\t\t\t<div class=\"elementor-element elementor-element-f38fffd elementor-widget elementor-widget-heading\" data-id=\"f38fffd\" data-element_type=\"widget\" data-e-type=\"widget\" data-widget_type=\"heading.default\">\n\t\t\t\t\t<h2 class=\"elementor-heading-title elementor-size-default\">Mapa<\/h2>\t\t\t\t<\/div>\n\t\t\t\t<div class=\"elementor-element elementor-element-593fa6d elementor-widget elementor-widget-image\" data-id=\"593fa6d\" data-element_type=\"widget\" data-e-type=\"widget\" data-widget_type=\"image.default\">\n\t\t\t\t\t\t\t\t\t\t\t\t\t\t\t\t<a href=\"https:\/\/campingparcoadamello.it\/wp-content\/uploads\/2026\/03\/mappa-qr-2026.jpg\" data-elementor-open-lightbox=\"yes\" data-elementor-lightbox-title=\"mappa qr 2026\" data-elementor-lightbox-description=\"mappa qr 2026\" data-e-action-hash=\"#elementor-action%3Aaction%3Dlightbox%26settings%3DeyJpZCI6MTI5MjcsInVybCI6Imh0dHBzOlwvXC9jYW1waW5ncGFyY29hZGFtZWxsby5pdFwvd3AtY29udGVudFwvdXBsb2Fkc1wvMjAyNlwvMDNcL21hcHBhLXFyLTIwMjYud2VicCJ9\">\n\t\t\t\t\t\t\t<img decoding=\"async\" width=\"1920\" height=\"1371\" src=\"https:\/\/campingparcoadamello.it\/wp-content\/uploads\/2026\/03\/mappa-qr-2026.webp\" class=\"attachment-full size-full wp-image-12927\" alt=\"mappa qr 2026\" srcset=\"https:\/\/campingparcoadamello.it\/wp-content\/uploads\/2026\/03\/mappa-qr-2026.webp 1920w, https:\/\/campingparcoadamello.it\/wp-content\/uploads\/2026\/03\/mappa-qr-2026-300x214.webp 300w, https:\/\/campingparcoadamello.it\/wp-content\/uploads\/2026\/03\/mappa-qr-2026-1024x731.webp 1024w, https:\/\/campingparcoadamello.it\/wp-content\/uploads\/2026\/03\/mappa-qr-2026-768x549.webp 768w, https:\/\/campingparcoadamello.it\/wp-content\/uploads\/2026\/03\/mappa-qr-2026-18x12.webp 18w, https:\/\/campingparcoadamello.it\/wp-content\/uploads\/2026\/03\/mappa-qr-2026-600x429.webp 600w\" sizes=\"(max-width: 1920px) 100vw, 1920px\" \/>\t\t\t\t\t\t\t\t<\/a>\n\t\t\t\t\t\t\t\t\t\t\t\t\t\t\t<\/div>\n\t\t\t\t<div class=\"elementor-element elementor-element-38999a6 elementor-widget elementor-widget-html\" data-id=\"38999a6\" data-element_type=\"widget\" data-e-type=\"widget\" data-widget_type=\"html.default\">\n\t\t\t\t\t<!-- START widget.visittrentino.it - V 1.8 - Trust You Widget: Trust Score -->\r\n<iframe width=\"170px\" scrolling=\"no\" height=\"144px\" frameborder=\"0\" align=\"top\" style=\" margin-top: 5px;\" src=\"https:\/\/api.trustyou.com\/hotels\/fb89b9d6-dba1-4201-b27a-b1d01fc728b4\/seal.html?size=l&lang=it&key=454a165c-0832-4c90-bc6e-0c7b1b4f5f07\" ><\/iframe>\r\n<script type=\"text\/javascript\" src=\"https:\/\/s3-eu-west-1.amazonaws.com\/s3.suggesto.eu\/hooks\/vtn-hook\/docroot\/js\/iframeResize2.js\"><\/script>\r\n<!-- END widget.visittrentino.it - V 1.8 - Trust You Widget -->\t\t\t\t<\/div>\n\t\t\t\t<\/div>\n\t\t\t\t\t<\/div>\n\t\t\t\t<\/div>\n\t\t<div class=\"elementor-element elementor-element-599ca1e e-flex e-con-boxed e-con e-parent\" data-id=\"599ca1e\" data-element_type=\"container\" data-e-type=\"container\">\n\t\t\t\t\t<div class=\"e-con-inner\">\n\t\t\t\t<div class=\"elementor-element elementor-element-01bd673 elementor-widget elementor-widget-heading\" data-id=\"01bd673\" data-element_type=\"widget\" data-e-type=\"widget\" data-widget_type=\"heading.default\">\n\t\t\t\t\t<h2 class=\"elementor-heading-title elementor-size-default\">Obszar dla ps\u00f3w<\/h2>\t\t\t\t<\/div>\n\t\t\t\t<div class=\"elementor-element elementor-element-7af02a5 elementor-widget elementor-widget-text-editor\" data-id=\"7af02a5\" data-element_type=\"widget\" data-e-type=\"widget\" data-widget_type=\"text-editor.default\">\n\t\t\t\t\t\t\t\t\t<p>L'<strong>Obszar dla ps\u00f3w<\/strong> Camping Parco Adamello to obszar zaprojektowany z my\u015bl\u0105 o dobrym samopoczuciu u\u017cytkownik\u00f3w. <strong>czworono\u017cni przyjaciele<\/strong>. Ta przestrze\u0144 <strong>ogrodzony<\/strong> oferty\u00a0<strong>r\u00f3\u017cne gry<\/strong>, idealny do \u0107wicze\u0144 i rozrywki dla ps\u00f3w. Jest to idealne \u015brodowisko dla ps\u00f3w do bezpiecznej socjalizacji i zabawy, zapewniaj\u0105ce zar\u00f3wno im, jak i ich w\u0142a\u015bcicielom radosne chwile na \u015bwie\u017cym powietrzu.\u00a0<\/p>\t\t\t\t\t\t\t\t<\/div>\n\t\t\t\t\t<\/div>\n\t\t\t\t<\/div>\n\t\t<div class=\"elementor-element elementor-element-ae9675f e-flex e-con-boxed e-con e-parent\" data-id=\"ae9675f\" data-element_type=\"container\" data-e-type=\"container\">\n\t\t\t\t\t<div class=\"e-con-inner\">\n\t\t<div class=\"elementor-element elementor-element-fe33b80 e-con-full e-flex e-con e-child\" data-id=\"fe33b80\" data-element_type=\"container\" data-e-type=\"container\">\n\t\t\t\t<div class=\"elementor-element elementor-element-bdcb01e elementor-widget elementor-widget-video\" data-id=\"bdcb01e\" data-element_type=\"widget\" data-e-type=\"widget\" data-settings=\"{&quot;youtube_url&quot;:&quot;https:\\\/\\\/youtu.be\\\/ZYjzINpPnO0&quot;,&quot;video_type&quot;:&quot;youtube&quot;,&quot;controls&quot;:&quot;yes&quot;}\" data-widget_type=\"video.default\">\n\t\t\t\t\t\t\t<div class=\"elementor-wrapper elementor-open-inline\">\n\t\t\t<div class=\"elementor-video\"><\/div>\t\t<\/div>\n\t\t\t\t\t\t<\/div>\n\t\t\t\t<\/div>\n\t\t<div class=\"elementor-element elementor-element-d9b22e1 e-con-full e-flex e-con e-child\" data-id=\"d9b22e1\" data-element_type=\"container\" data-e-type=\"container\">\n\t\t\t\t<div class=\"elementor-element elementor-element-6f14bc9 elementor-widget elementor-widget-video\" data-id=\"6f14bc9\" data-element_type=\"widget\" data-e-type=\"widget\" data-settings=\"{&quot;youtube_url&quot;:&quot;https:\\\/\\\/youtu.be\\\/q2OlVDtk9T8&quot;,&quot;video_type&quot;:&quot;youtube&quot;,&quot;controls&quot;:&quot;yes&quot;}\" data-widget_type=\"video.default\">\n\t\t\t\t\t\t\t<div class=\"elementor-wrapper elementor-open-inline\">\n\t\t\t<div class=\"elementor-video\"><\/div>\t\t<\/div>\n\t\t\t\t\t\t<\/div>\n\t\t\t\t<\/div>\n\t\t\t\t\t<\/div>\n\t\t\t\t<\/div>\n\t\t\t\t<\/div>","protected":false},"excerpt":{"rendered":"<p>Chiusure Camping Dal 26\/04\/26 ore 20:00 &#8211; al 29\/05\/26 ore: 9:00 Dal 04\/10\/26 ore 20:00 &#8211; al 04\/12\/26 ore: 9:00 &times; ROULOTTE ANNUALI Il camping dispone di 2 soluzioni roulotte+preingresso in legno in vendita. info e contatti proprietari disponibili scrivendo alla reception &times; Listino Prezzi 2026 Se prenoti qui la card \u00e8 compresa La DoloMeet [&hellip;]<\/p>","protected":false},"author":1,"featured_media":0,"parent":0,"menu_order":0,"comment_status":"closed","ping_status":"closed","template":"","meta":{"_acf_changed":false,"_seopress_robots_primary_cat":"","_seopress_titles_title":"Camping Parco Adamello - Campeggio a Pinzolo nelle Dolomiti","_seopress_titles_desc":"Scopri la bellezza delle Dolomiti al Camping Parco Adamello. Alloggi confortevoli e attivit\u00e0 per ogni avventuriero.","_seopress_robots_index":"","footnotes":""},"class_list":["post-11","page","type-page","status-publish","hentry"],"acf":[],"_links":{"self":[{"href":"https:\/\/campingparcoadamello.it\/pl\/wp-json\/wp\/v2\/pages\/11","targetHints":{"allow":["GET"]}}],"collection":[{"href":"https:\/\/campingparcoadamello.it\/pl\/wp-json\/wp\/v2\/pages"}],"about":[{"href":"https:\/\/campingparcoadamello.it\/pl\/wp-json\/wp\/v2\/types\/page"}],"author":[{"embeddable":true,"href":"https:\/\/campingparcoadamello.it\/pl\/wp-json\/wp\/v2\/users\/1"}],"replies":[{"embeddable":true,"href":"https:\/\/campingparcoadamello.it\/pl\/wp-json\/wp\/v2\/comments?post=11"}],"version-history":[{"count":0,"href":"https:\/\/campingparcoadamello.it\/pl\/wp-json\/wp\/v2\/pages\/11\/revisions"}],"wp:attachment":[{"href":"https:\/\/campingparcoadamello.it\/pl\/wp-json\/wp\/v2\/media?parent=11"}],"curies":[{"name":"wp","href":"https:\/\/api.w.org\/{rel}","templated":true}]}}